{"id":5,"date":"2015-01-07T15:15:14","date_gmt":"2015-01-07T15:15:14","guid":{"rendered":"http:\/\/www.servaireandco.com\/page-d-exemple-2\/"},"modified":"2026-03-31T13:50:35","modified_gmt":"2026-03-31T13:50:35","slug":"page-d-exemple","status":"publish","type":"page","link":"https:\/\/www.servaireandco.com\/en\/","title":{"rendered":"Home"},"content":{"rendered":"<p>Home en<\/p>\n<p>Voici un exemple de page. Elle est diff\u00e9rente d&#8217;un article de blog, en cela qu&#8217;elle restera \u00e0 la m\u00eame place, et s&#8217;affichera dans le menu de navigation de votre site (en fonction de votre th\u00e8me). La plupart des gens commencent par \u00e9crire une page \u00ab \u00c0 Propos \u00bb qui les pr\u00e9sente aux visiteurs potentiels du site. Vous pourriez y \u00e9crire quelque chose de ce tenant :<\/p>\n<blockquote><p>Bonjour ! Je suis un m\u00e9canicien qui aspire \u00e0 devenir un acteur, et voici mon blog. J&#8217;habite \u00e0 Bordeaux, j&#8217;ai un super chien baptis\u00e9 Russell, et j&#8217;aime la vodka-ananas (ainsi que regarder la pluie tomber).<\/p><\/blockquote>\n<p>&#8230;ou bien quelque chose comme \u00e7a :<\/p>\n<blockquote><p>La soci\u00e9t\u00e9 123 Machin Truc a \u00e9t\u00e9 cr\u00e9\u00e9e en 1971, et n&#8217;a cess\u00e9 de proposer au public des machins-trucs de qualit\u00e9 depuis lors. Situ\u00e9e \u00e0 Saint-Remy-en-Bouzemont-Saint-Genest-et-Isson, 123 Machin Truc emploie 2 000 personnes, et fabrique toutes sortes de bidules super pour la communaut\u00e9 bouzemontoise.<\/p><\/blockquote>\n<p>\u00c9tant donn\u00e9 que vous \u00eates un nouvel utilisateur de WordPress, vous devriez vous rendre sur votre <a href=\"http:\/\/www.servaireandco.com\/wp-admin\/\">tableau de bord<\/a> pour effacer la pr\u00e9sente page, et cr\u00e9er de nouvelles pages avec votre propre contenu. Amusez-vous bien !<\/p>\n","protected":false},"excerpt":{"rendered":"<p>Home en Voici un exemple de page. Elle est diff\u00e9rente d&#8217;un article de blog, en cela qu&#8217;elle restera \u00e0 la m\u00eame place, et s&#8217;affichera dans le menu de navigation de votre site (en fonction de votre th\u00e8me). La plupart des gens commencent par \u00e9crire une page \u00ab \u00c0 Propos \u00bb qui les pr\u00e9sente aux visiteurs potentiels du site. Vous pourriez y \u00e9crire quelque chose de ce tenant : Bonjour ! Je suis un m\u00e9canicien qui aspire \u00e0 devenir un acteur, et voici mon blog. J&#8217;habite \u00e0 Bordeaux, j&#8217;ai un super chien baptis\u00e9 Russell, et j&#8217;aime la vodka-ananas (ainsi que regarder la pluie tomber). &#8230;ou bien quelque chose comme \u00e7a : La soci\u00e9t\u00e9 123 Machin Truc a \u00e9t\u00e9 cr\u00e9\u00e9e en 1971,<\/p>\n","protected":false},"author":2,"featured_media":0,"parent":0,"menu_order":35,"comment_status":"closed","ping_status":"closed","template":"page_home.php","meta":{"_acf_changed":false,"_monsterinsights_skip_tracking":false,"_monsterinsights_sitenote_active":false,"_monsterinsights_sitenote_note":"","_monsterinsights_sitenote_category":0,"footnotes":""},"class_list":["post-5","page","type-page","status-publish","hentry"],"acf":[],"yoast_head":"<!-- This site is optimized with the Yoast SEO plugin v27.0 - https:\/\/yoast.com\/product\/yoast-seo-wordpress\/ -->\n<title>Servaire &amp; Co<\/title>\n<meta name=\"description\" content=\"Paris based design and creation agency, crafting luxury icons since 2000\" \/>\n<meta name=\"robots\" content=\"index, follow, max-snippet:-1, max-image-preview:large, max-video-preview:-1\" \/>\n<link rel=\"canonical\" href=\"https:\/\/www.servaireandco.com\/en\/\" \/>\n<meta property=\"og:locale\" content=\"en_US\" \/>\n<meta property=\"og:type\" content=\"article\" \/>\n<meta property=\"og:title\" content=\"Servaire &amp; Co\" \/>\n<meta property=\"og:description\" content=\"Paris based design and creation agency, crafting luxury icons since 2000\" \/>\n<meta property=\"og:url\" content=\"https:\/\/www.servaireandco.com\/en\/\" \/>\n<meta property=\"og:site_name\" content=\"Servaire and Co\" \/>\n<meta property=\"article:modified_time\" content=\"2026-03-31T13:50:35+00:00\" \/>\n<meta name=\"twitter:card\" content=\"summary_large_image\" \/>\n<meta name=\"twitter:label1\" content=\"Est. reading time\" \/>\n\t<meta name=\"twitter:data1\" content=\"1 minute\" \/>\n<script type=\"application\/ld+json\" class=\"yoast-schema-graph\">{\"@context\":\"https:\/\/schema.org\",\"@graph\":[{\"@type\":\"WebPage\",\"@id\":\"https:\/\/www.servaireandco.com\/en\/\",\"url\":\"https:\/\/www.servaireandco.com\/en\/\",\"name\":\"Servaire & Co\",\"isPartOf\":{\"@id\":\"https:\/\/www.servaireandco.com\/#website\"},\"datePublished\":\"2015-01-07T15:15:14+00:00\",\"dateModified\":\"2026-03-31T13:50:35+00:00\",\"description\":\"Paris based design and creation agency, crafting luxury icons since 2000\",\"breadcrumb\":{\"@id\":\"https:\/\/www.servaireandco.com\/en\/#breadcrumb\"},\"inLanguage\":\"en-US\",\"potentialAction\":[{\"@type\":\"ReadAction\",\"target\":[\"https:\/\/www.servaireandco.com\/en\/\"]}]},{\"@type\":\"BreadcrumbList\",\"@id\":\"https:\/\/www.servaireandco.com\/en\/#breadcrumb\",\"itemListElement\":[{\"@type\":\"ListItem\",\"position\":1,\"name\":\"Home\",\"item\":\"https:\/\/www.servaireandco.com\/en\/\"},{\"@type\":\"ListItem\",\"position\":2,\"name\":\"Home\"}]},{\"@type\":\"WebSite\",\"@id\":\"https:\/\/www.servaireandco.com\/#website\",\"url\":\"https:\/\/www.servaireandco.com\/\",\"name\":\"Servaire and Co\",\"description\":\"\",\"potentialAction\":[{\"@type\":\"SearchAction\",\"target\":{\"@type\":\"EntryPoint\",\"urlTemplate\":\"https:\/\/www.servaireandco.com\/?s={search_term_string}\"},\"query-input\":{\"@type\":\"PropertyValueSpecification\",\"valueRequired\":true,\"valueName\":\"search_term_string\"}}],\"inLanguage\":\"en-US\"}]}<\/script>\n<!-- \/ Yoast SEO plugin. -->","yoast_head_json":{"title":"Servaire & Co","description":"Paris based design and creation agency, crafting luxury icons since 2000","robots":{"index":"index","follow":"follow","max-snippet":"max-snippet:-1","max-image-preview":"max-image-preview:large","max-video-preview":"max-video-preview:-1"},"canonical":"https:\/\/www.servaireandco.com\/en\/","og_locale":"en_US","og_type":"article","og_title":"Servaire & Co","og_description":"Paris based design and creation agency, crafting luxury icons since 2000","og_url":"https:\/\/www.servaireandco.com\/en\/","og_site_name":"Servaire and Co","article_modified_time":"2026-03-31T13:50:35+00:00","twitter_card":"summary_large_image","twitter_misc":{"Est. reading time":"1 minute"},"schema":{"@context":"https:\/\/schema.org","@graph":[{"@type":"WebPage","@id":"https:\/\/www.servaireandco.com\/en\/","url":"https:\/\/www.servaireandco.com\/en\/","name":"Servaire & Co","isPartOf":{"@id":"https:\/\/www.servaireandco.com\/#website"},"datePublished":"2015-01-07T15:15:14+00:00","dateModified":"2026-03-31T13:50:35+00:00","description":"Paris based design and creation agency, crafting luxury icons since 2000","breadcrumb":{"@id":"https:\/\/www.servaireandco.com\/en\/#breadcrumb"},"inLanguage":"en-US","potentialAction":[{"@type":"ReadAction","target":["https:\/\/www.servaireandco.com\/en\/"]}]},{"@type":"BreadcrumbList","@id":"https:\/\/www.servaireandco.com\/en\/#breadcrumb","itemListElement":[{"@type":"ListItem","position":1,"name":"Home","item":"https:\/\/www.servaireandco.com\/en\/"},{"@type":"ListItem","position":2,"name":"Home"}]},{"@type":"WebSite","@id":"https:\/\/www.servaireandco.com\/#website","url":"https:\/\/www.servaireandco.com\/","name":"Servaire and Co","description":"","potentialAction":[{"@type":"SearchAction","target":{"@type":"EntryPoint","urlTemplate":"https:\/\/www.servaireandco.com\/?s={search_term_string}"},"query-input":{"@type":"PropertyValueSpecification","valueRequired":true,"valueName":"search_term_string"}}],"inLanguage":"en-US"}]}},"_links":{"self":[{"href":"https:\/\/www.servaireandco.com\/en\/wp-json\/wp\/v2\/pages\/5","targetHints":{"allow":["GET"]}}],"collection":[{"href":"https:\/\/www.servaireandco.com\/en\/wp-json\/wp\/v2\/pages"}],"about":[{"href":"https:\/\/www.servaireandco.com\/en\/wp-json\/wp\/v2\/types\/page"}],"author":[{"embeddable":true,"href":"https:\/\/www.servaireandco.com\/en\/wp-json\/wp\/v2\/users\/2"}],"replies":[{"embeddable":true,"href":"https:\/\/www.servaireandco.com\/en\/wp-json\/wp\/v2\/comments?post=5"}],"version-history":[{"count":16,"href":"https:\/\/www.servaireandco.com\/en\/wp-json\/wp\/v2\/pages\/5\/revisions"}],"predecessor-version":[{"id":3410,"href":"https:\/\/www.servaireandco.com\/en\/wp-json\/wp\/v2\/pages\/5\/revisions\/3410"}],"wp:attachment":[{"href":"https:\/\/www.servaireandco.com\/en\/wp-json\/wp\/v2\/media?parent=5"}],"curies":[{"name":"wp","href":"https:\/\/api.w.org\/{rel}","templated":true}]}}